{"id":26864,"date":"2024-09-26T16:14:54","date_gmt":"2024-09-26T13:14:54","guid":{"rendered":"https:\/\/modeliny.com\/p\/table-surface-scenic-modeliny-werzalit-black-d60cm-du-ioo-25mm\/"},"modified":"2025-01-10T04:32:37","modified_gmt":"2025-01-10T02:32:37","slug":"table-surface-black-d60cm-du-ioo-25","status":"publish","type":"product","link":"https:\/\/modeliny.com\/bg\/p\/table-surface-black-d60cm-du-ioo-25\/","title":{"rendered":"\u041f\u043e\u0432\u044a\u0440\u0445\u043d\u043e\u0441\u0442 \u043d\u0430 \u043c\u0430\u0441\u0430 \u0447\u0435\u0440\u043d\u0430 D60cm \u00f0\u00dc\u00f7\u00ef\u00f5\u00f2 25"},"content":{"rendered":"","protected":false},"excerpt":{"rendered":"","protected":false},"featured_media":26865,"comment_status":"open","ping_status":"open","template":"","meta":[],"locations":[],"product_cat":[8802,8803],"product_tag":[],"class_list":{"0":"post-26864","1":"product","2":"type-product","3":"status-publish","4":"has-post-thumbnail","6":"product_cat-professional-furniture","7":"product_cat-table-tops","8":"pa_harakteristika-1-gross-weight-4-600","9":"pa_harakteristika-10-package-pcs-1","10":"pa_harakteristika-11-dimension-package-60x60x2-5","11":"pa_harakteristika-12-cbm-pcs-0-009","12":"pa_harakteristika-13-cbm-package-0-009","13":"pa_harakteristika-14-volume-weight-product-1-800","14":"pa_harakteristika-2-net-weight-product-4-600","15":"pa_harakteristika-3-lenght-product-60","16":"pa_harakteristika-4-width-product-60","17":"pa_harakteristika-5-height-product-2-5","18":"pa_harakteristika-6-material-werzalit","19":"pa_harakteristika-7-color-black","20":"pa_harakteristika-8-k-d-no","21":"pa_harakteristika-9-number-product-package-1","23":"first","24":"outofstock","25":"sale","26":"purchasable","27":"product-type-simple"},"_links":{"self":[{"href":"https:\/\/modeliny.com\/bg\/wp-json\/wp\/v2\/product\/26864","targetHints":{"allow":["GET"]}}],"collection":[{"href":"https:\/\/modeliny.com\/bg\/wp-json\/wp\/v2\/product"}],"about":[{"href":"https:\/\/modeliny.com\/bg\/wp-json\/wp\/v2\/types\/product"}],"replies":[{"embeddable":true,"href":"https:\/\/modeliny.com\/bg\/wp-json\/wp\/v2\/comments?post=26864"}],"version-history":[{"count":0,"href":"https:\/\/modeliny.com\/bg\/wp-json\/wp\/v2\/product\/26864\/revisions"}],"wp:featuredmedia":[{"embeddable":true,"href":"https:\/\/modeliny.com\/bg\/wp-json\/wp\/v2\/media\/26865"}],"wp:attachment":[{"href":"https:\/\/modeliny.com\/bg\/wp-json\/wp\/v2\/media?parent=26864"}],"wp:term":[{"taxonomy":"locations","embeddable":true,"href":"https:\/\/modeliny.com\/bg\/wp-json\/wp\/v2\/locations?post=26864"},{"taxonomy":"product_cat","embeddable":true,"href":"https:\/\/modeliny.com\/bg\/wp-json\/wp\/v2\/product_cat?post=26864"},{"taxonomy":"product_tag","embeddable":true,"href":"https:\/\/modeliny.com\/bg\/wp-json\/wp\/v2\/product_tag?post=26864"}],"curies":[{"name":"wp","href":"https:\/\/api.w.org\/{rel}","templated":true}]}}