{"id":36202,"date":"2024-09-26T19:38:49","date_gmt":"2024-09-26T16:38:49","guid":{"rendered":"https:\/\/modeliny.com\/p\/dieoenuia-naoki-modeliny-rattan-oa-oooeeth-adu-nuoc-ia-iayni-iaieeune-eae-iaoaeeeeu-iayni-duae-58x64x81ae\/"},"modified":"2025-01-10T04:28:53","modified_gmt":"2025-01-10T02:28:53","slug":"dieoenuia-oa-oooeeth-adu-nuoc-ia-iayni-iaieeune-eae-iaoaeeeeu-iayni-duae-58x64x81ae","status":"publish","type":"product","link":"https:\/\/modeliny.com\/bg\/p\/dieoenuia-oa-oooeeth-adu-nuoc-ia-iayni-iaieeune-eae-iaoaeeeeu-iayni-duae-58x64x81ae\/","title":{"rendered":"\u00d0\u00ef\u00eb\u00f5\u00e8\u00f1\u00fc\u00ed\u00e1 \u00f3\u00e5 \u00f6\u00f5\u00f3\u00e9\u00ea\u00de \u00e1\u00f0\u00fc\u00f7\u00f1\u00f9\u00f3\u00e7 \u00ec\u00e5 \u00ec\u00e1\u00fd\u00f1\u00ef \u00ec\u00e1\u00ee\u00e9\u00eb\u00dc\u00f1\u00e9 \u00ea\u00e1\u00e9 \u00ec\u00e5\u00f4\u00e1\u00eb\u00eb\u00e9\u00ea\u00fc \u00ec\u00e1\u00fd\u00f1\u00ef \u00f0\u00fc\u00e4\u00e9 58x64x81\u00e5\u00ea"},"content":{"rendered":"<p>\u0417\u0430 \u0442\u0435\u0437\u0438 \u043e\u0442 \u0432\u0430\u0441, \u043a\u043e\u0438\u0442\u043e \u0442\u044a\u0440\u0441\u044f\u0442 \u0441\u0442\u043e\u043b, \u043a\u043e\u0439\u0442\u043e \u0432\u043f\u0435\u0447\u0430\u0442\u043b\u044f\u0432\u0430 \u0441\u044a\u0441 \u0441\u0432\u043e\u044f\u0442\u0430 \u0435\u0441\u0442\u0435\u0442\u0438\u043a\u0430 \u0438 \u043a\u0430\u0447\u0435\u0441\u0442\u0432\u043e \u043d\u0430 \u0438\u0437\u0440\u0430\u0431\u043e\u0442\u043a\u0430, \u0441\u0435\u0440\u0438\u044f\u0442\u0430 Naoki \u0435 \u043d\u0430\u0439-\u0434\u043e\u0431\u0440\u043e\u0442\u043e \u043f\u0440\u0435\u0434\u043b\u043e\u0436\u0435\u043d\u0438\u0435 \u0437\u0430 \u043f\u043e\u043a\u0443\u043f\u043a\u0430. \u0422\u043e\u0439 \u0441\u044a\u0447\u0435\u0442\u0430\u0432\u0430 \u043a\u043e\u043c\u0444\u043e\u0440\u0442 \u0438 \u0441\u0442\u0438\u043b, \u0437\u0430 \u0434\u0430 \u043f\u0440\u0435\u0434\u043b\u043e\u0436\u0438 \u043f\u0440\u0438\u044f\u0442\u043d\u043e \u0440\u0435\u043b\u0430\u043a\u0441\u0438\u0440\u0430\u0449\u043e \u0438\u0437\u0436\u0438\u0432\u044f\u0432\u0430\u043d\u0435 \u0432\u044a\u0432 \u0432\u0430\u0448\u0435\u0442\u043e \u0432\u044a\u043d\u0448\u043d\u043e \u043f\u0440\u043e\u0441\u0442\u0440\u0430\u043d\u0441\u0442\u0432\u043e. \u0422\u0435\u0445\u043d\u0438\u0447\u0435\u0441\u043a\u0438 \u0441\u043f\u0435\u0446\u0438\u0444\u0438\u043a\u0430\u0446\u0438\u0438: \u0421\u0442\u0430\u0431\u0438\u043b\u043d\u0430 \u0440\u0430\u043c\u043a\u0430, \u0438\u0437\u0440\u0430\u0431\u043e\u0442\u0435\u043d\u0430 \u043e\u0442 \u0432\u0438\u0441\u043e\u043a\u043e\u043a\u0430\u0447\u0435\u0441\u0442\u0432\u0435\u043d \u043c\u0435\u0442\u0430\u043b \u0441 \u0443\u0441\u0442\u043e\u0439\u0447\u0438\u0432\u043e\u0441\u0442 \u043d\u0430 \u043d\u0430\u0442\u043e\u0432\u0430\u0440\u0432\u0430\u043d\u0435 \u0438 \u0438\u0437\u043d\u043e\u0441\u0432\u0430\u043d\u0435. \u041f\u043e\u0432\u044a\u0440\u0445\u043d\u043e\u0441\u0442 \u043d\u0430 \u043a\u0440\u0435\u0441\u043b\u043e\u0442\u043e \u0435 \u043f\u0440\u0435\u0434\u0438\u043c\u043d\u043e \u043e\u0442 PE \u0440\u0430\u0442\u0430\u043d. PE \u0440\u0430\u0442\u0430\u043d\u044a\u0442 \u0435 \u0435\u0434\u0438\u043d \u0432\u0438\u0434 \u0435\u043a\u043e\u043b\u043e\u0433\u0438\u0447\u0435\u043d \u0441\u0438\u043d\u0442\u0435\u0442\u0438\u0447\u0435\u043d \u0440\u0430\u0442\u0430\u043d, \u0440\u0435\u0446\u0438\u043a\u043b\u0438\u0440\u0443\u0435\u043c \u0438 \u0441 \u043f\u043e-\u0433\u043e\u043b\u044f\u043c\u0430 \u0438\u0437\u0434\u0440\u044a\u0436\u043b\u0438\u0432\u043e\u0441\u0442 \u0432 \u0441\u0440\u0430\u0432\u043d\u0435\u043d\u0438\u0435 \u0441 \u0434\u0440\u0443\u0433\u0438 \u0432\u0438\u0434\u043e\u0432\u0435. \u0418\u043c\u0430 \u0432\u044a\u0437\u0433\u043b\u0430\u0432\u043d\u0438\u0446\u0430 \u0437\u0430 \u0441\u0435\u0434\u0430\u043b\u043a\u0430\u0442\u0430. \u041e\u0442\u043b\u0438\u0447\u043d\u0430 \u0438\u0437\u0434\u0440\u044a\u0436\u043b\u0438\u0432\u043e\u0441\u0442: \u043f\u043e\u0434\u0445\u043e\u0434\u044f\u0449 \u0437\u0430 \u0443\u043f\u043e\u0442\u0440\u0435\u0431\u0430 \u043d\u0430 \u043e\u0442\u043a\u0440\u0438\u0442\u043e, \u0438\u0437\u043b\u043e\u0436\u0435\u043d \u043d\u0430 \u0430\u0442\u043c\u043e\u0441\u0444\u0435\u0440\u043d\u0438 \u0432\u043b\u0438\u044f\u043d\u0438\u044f \u0438 \u0432\u043b\u0430\u0433\u0430. \u041f\u0440\u0435\u0434\u043b\u0430\u0433\u0430 \u0441\u0435 \u0432 \u0446\u0432\u044f\u0442: \u0435\u0441\u0442\u0435\u0441\u0442\u0432\u0435\u043d\u043e \u0447\u0435\u0440\u0435\u043d. \u0420\u0430\u0437\u043c\u0435\u0440\u0438 \u043d\u0430 \u043f\u0440\u043e\u0434\u0443\u043a\u0442\u0430: \u0414\u044a\u043b\u0436\u0438\u043d\u0430: 58 \u0441\u043c. \u0428\u0438\u0440\u0438\u043d\u0430: 64 \u0441\u043c. \u0412\u0438\u0441\u043e\u0447\u0438\u043d\u0430: 81 \u0441\u043c. \u0418\u043d\u0444\u043e\u0440\u043c\u0430\u0446\u0438\u044f \u0437\u0430 \u043c\u0430\u0442\u0435\u0440\u0438\u0430\u043b\u0430: PE \u0440\u0430\u0442\u0430\u043d: PE \u0440\u0430\u0442\u0430\u043d\u044a\u0442, \u043f\u043e\u043f\u0443\u043b\u044f\u0440\u0435\u043d \u043c\u0430\u0442\u0435\u0440\u0438\u0430\u043b, \u043a\u043e\u0439\u0442\u043e \u0438\u043c\u0438\u0442\u0438\u0440\u0430 \u0435\u0441\u0442\u0435\u0441\u0442\u0432\u0435\u043d\u0438\u044f \u0440\u0430\u0442\u0430\u043d, \u0441\u0435 \u0438\u0437\u043f\u043e\u043b\u0437\u0432\u0430 \u0447\u0435\u0441\u0442\u043e \u0432 \u043f\u0440\u043e\u0438\u0437\u0432\u043e\u0434\u0441\u0442\u0432\u043e\u0442\u043e \u043d\u0430 \u043c\u0435\u0431\u0435\u043b\u0438 \u0438 \u0430\u043a\u0441\u0435\u0441\u043e\u0430\u0440\u0438. \u0418\u0437\u0440\u0430\u0431\u043e\u0442\u0435\u043d \u043e\u0442 \u043f\u043e\u043b\u0438\u0435\u0442\u0438\u043b\u0435\u043d, \u0438\u0437\u0434\u0440\u044a\u0436\u043b\u0438\u0432\u0430 \u0441\u0438\u043d\u0442\u0435\u0442\u0438\u0447\u043d\u0430 \u043f\u043e\u043b\u0438\u043c\u0435\u0440\u043d\u0430 \u0441\u043c\u043e\u043b\u0430, PE \u0440\u0430\u0442\u0430\u043d\u044a\u0442 \u0435 \u0443\u0441\u0442\u043e\u0439\u0447\u0438\u0432 \u043d\u0430 \u0430\u0442\u043c\u043e\u0441\u0444\u0435\u0440\u043d\u0438 \u0432\u043b\u0438\u044f\u043d\u0438\u044f \u0438 \u043d\u0435 \u0441\u0435 \u0440\u0430\u0437\u0433\u0440\u0430\u0436\u0434\u0430 \u043e\u0442 \u0438\u0437\u043b\u0430\u0433\u0430\u043d\u0435 \u043d\u0430 \u0441\u043b\u044a\u043d\u0446\u0435 \u0438\u043b\u0438 \u0434\u044a\u0436\u0434. \u0417\u0430\u043f\u0430\u0437\u0432\u0430 \u0446\u0432\u0435\u0442\u0430 \u0441\u0438 \u0438 \u043d\u0435 \u0438\u0437\u0431\u043b\u0435\u0434\u043d\u044f\u0432\u0430, \u043a\u043e\u0435\u0442\u043e \u0433\u043e \u043f\u0440\u0430\u0432\u0438 \u043e\u0442\u043b\u0438\u0447\u0435\u043d \u0438\u0437\u0431\u043e\u0440 \u043a\u0430\u043a\u0442\u043e \u0437\u0430 \u0432\u044a\u0442\u0440\u0435\u0448\u043d\u0430, \u0442\u0430\u043a\u0430 \u0438 \u0437\u0430 \u0432\u044a\u043d\u0448\u043d\u0430 \u0443\u043f\u043e\u0442\u0440\u0435\u0431\u0430. \u041e\u0441\u0432\u0435\u043d \u0442\u043e\u0432\u0430, PE \u0440\u0430\u0442\u0430\u043d\u044a\u0442 \u0435 \u0435\u043a\u043e\u043b\u043e\u0433\u0438\u0447\u0435\u043d, \u0434\u043e\u043f\u0440\u0438\u043d\u0430\u0441\u044f\u0439\u043a\u0438 \u0437\u0430 \u0443\u0441\u0442\u043e\u0439\u0447\u0438\u0432\u0438 \u043f\u0440\u0430\u043a\u0442\u0438\u043a\u0438 \u0432 \u043f\u0440\u043e\u0438\u0437\u0432\u043e\u0434\u0441\u0442\u0432\u043e\u0442\u043e \u0438 \u0434\u044a\u043b\u0433\u043e\u0442\u0440\u0430\u0439\u043d\u043e\u0441\u0442\u0442\u0430 \u043d\u0430 \u043f\u0440\u043e\u0434\u0443\u043a\u0442\u0438\u0442\u0435. \u041c\u0435\u0442\u0430\u043b: \u041c\u0435\u0442\u0430\u043b\u044a\u0442 \u0441\u0435 \u0438\u0437\u043f\u043e\u043b\u0437\u0432\u0430 \u0448\u0438\u0440\u043e\u043a\u043e \u0432 \u043f\u0440\u043e\u0438\u0437\u0432\u043e\u0434\u0441\u0442\u0432\u043e\u0442\u043e \u043d\u0430 \u043c\u0435\u0431\u0435\u043b\u0438, \u043f\u0440\u0435\u0434\u043b\u0430\u0433\u0430\u0439\u043a\u0438 \u043d\u044f\u043a\u043e\u043b\u043a\u043e \u043f\u0440\u0435\u0434\u0438\u043c\u0441\u0442\u0432\u0430 \u043f\u0440\u0435\u0434 \u0434\u0440\u0443\u0433\u0438 \u043c\u0430\u0442\u0435\u0440\u0438\u0430\u043b\u0438. \u0422\u043e\u0439 \u0435 \u0438\u0437\u043a\u043b\u044e\u0447\u0438\u0442\u0435\u043b\u043d\u043e \u0443\u0441\u0442\u043e\u0439\u0447\u0438\u0432 \u043d\u0430 \u0438\u0437\u043d\u043e\u0441\u0432\u0430\u043d\u0435, \u0438\u0434\u0435\u0430\u043b\u0435\u043d \u0437\u0430 \u043c\u0435\u0431\u0435\u043b\u0438, \u043f\u0440\u0435\u0434\u043d\u0430\u0437\u043d\u0430\u0447\u0435\u043d\u0438 \u0437\u0430 \u0435\u0436\u0435\u0434\u043d\u0435\u0432\u043d\u0430 \u0443\u043f\u043e\u0442\u0440\u0435\u0431\u0430 \u0432 \u0442\u0435\u0436\u043a\u0430 \u0441\u0440\u0435\u0434\u0430. \u0422\u043e\u0439 \u043f\u0435\u0440\u0444\u0435\u043a\u0442\u043d\u043e \u043f\u043e\u0434\u0434\u044a\u0440\u0436\u0430 \u0444\u043e\u0440\u043c\u0430\u0442\u0430 \u0438 \u0441\u0442\u0440\u0443\u043a\u0442\u0443\u0440\u0430\u0442\u0430 \u0441\u0438, \u043e\u0441\u0438\u0433\u0443\u0440\u044f\u0432\u0430\u0439\u043a\u0438 \u0441\u0442\u0430\u0431\u0438\u043b\u043d\u043e\u0441\u0442 \u0438 \u0434\u044a\u043b\u0433\u043e\u0442\u0440\u0430\u0439\u043d\u043e\u0441\u0442. \u041e\u0441\u0432\u0435\u043d \u0441\u043f\u043e\u043c\u0435\u043d\u0430\u0442\u0438\u0442\u0435 \u043f\u043e-\u0433\u043e\u0440\u0435 \u0441\u0432\u043e\u0439\u0441\u0442\u0432\u0430, \u043c\u0435\u0442\u0430\u043b\u044a\u0442 \u043c\u043e\u0436\u0435 \u0434\u0430 \u0438\u043c\u0430 \u0438 \u0434\u0440\u0443\u0433\u0438 \u0445\u0430\u0440\u0430\u043a\u0442\u0435\u0440\u0438\u0441\u0442\u0438\u043a\u0438, \u043a\u0430\u0442\u043e \u0430\u043d\u0442\u0438\u043c\u0438\u043a\u0440\u043e\u0431\u043d\u043e \u0434\u0435\u0439\u0441\u0442\u0432\u0438\u0435 (\u043c\u0435\u0434) \u0438\u043b\u0438 \u0441\u0432\u0440\u044a\u0445\u043f\u0440\u043e\u0432\u043e\u0434\u0438\u043c\u043e\u0441\u0442 (\u043c\u043e\u043b\u0438\u0431\u0434\u0435\u043d). \u041f\u043b\u0430\u0442 \u0437\u0430 \u0432\u044a\u0437\u0433\u043b\u0430\u0432\u043d\u0438\u0446\u0438: \u041f\u043b\u0430\u0442\u044a\u0442 \u0435 \u0443\u043d\u0438\u0432\u0435\u0440\u0441\u0430\u043b\u0435\u043d \u043c\u0430\u0442\u0435\u0440\u0438\u0430\u043b, \u0438\u0437\u0440\u0430\u0431\u043e\u0442\u0435\u043d \u0447\u0440\u0435\u0437 \u0442\u044a\u043a\u0430\u043d\u0435, \u043f\u043b\u0435\u0442\u0435\u043d\u0435, \u0448\u0438\u0435\u043d\u0435 \u0438\u043b\u0438 \u0441\u0432\u044a\u0440\u0437\u0432\u0430\u043d\u0435 \u043d\u0430 \u0432\u043b\u0430\u043a\u043d\u0430. \u0422\u0435\u0437\u0438 \u0432\u043b\u0430\u043a\u043d\u0430 \u043c\u043e\u0433\u0430\u0442 \u0434\u0430 \u0431\u044a\u0434\u0430\u0442 \u0435\u0441\u0442\u0435\u0441\u0442\u0432\u0435\u043d\u0438, \u043a\u0430\u0442\u043e \u043f\u0430\u043c\u0443\u043a, \u0432\u044a\u043b\u043d\u0430 \u0438\u043b\u0438 \u043a\u043e\u043f\u0440\u0438\u043d\u0430, \u0438\u043b\u0438 \u0441\u0438\u043d\u0442\u0435\u0442\u0438\u0447\u043d\u0438, \u043a\u0430\u0442\u043e \u043f\u043e\u043b\u0438\u0435\u0441\u0442\u0435\u0440 \u0438\u043b\u0438 \u043d\u0430\u0439\u043b\u043e\u043d. \u041f\u0440\u0435\u043f\u043b\u0438\u0442\u0430\u043d\u0435\u0442\u043e \u043d\u0430 \u0432\u043b\u0430\u043a\u043d\u0430\u0442\u0430 \u0441\u044a\u0437\u0434\u0430\u0432\u0430 \u043c\u0440\u0435\u0436\u0430, \u043a\u043e\u044f\u0442\u043e \u043f\u0440\u0438\u0434\u0430\u0432\u0430 \u043d\u0430 \u0442\u044a\u043a\u0430\u043d\u0442\u0430 \u043d\u0435\u0439\u043d\u0438\u0442\u0435 \u0441\u0432\u043e\u0439\u0441\u0442\u0432\u0430, \u043a\u0430\u0442\u043e \u0437\u0434\u0440\u0430\u0432\u0438\u043d\u0430, \u043c\u0435\u043a\u043e\u0442\u0430, \u0434\u0438\u0448\u0430\u043d\u0435 \u0438 \u0435\u043b\u0430\u0441\u0442\u0438\u0447\u043d\u043e\u0441\u0442. \u0418\u043c\u0430 \u0431\u0435\u0437\u0431\u0440\u043e\u0439 \u0440\u0430\u0437\u043d\u043e\u0432\u0438\u0434\u043d\u043e\u0441\u0442\u0438 \u043d\u0430 \u0442\u044a\u043a\u0430\u043d\u0438, \u0432\u0441\u044f\u043a\u0430 \u0441\u044a\u0441 \u0441\u0432\u043e\u0438 \u0443\u043d\u0438\u043a\u0430\u043b\u043d\u0438 \u0445\u0430\u0440\u0430\u043a\u0442\u0435\u0440\u0438\u0441\u0442\u0438\u043a\u0438 \u0438 \u043f\u0440\u0438\u043b\u043e\u0436\u0435\u043d\u0438\u044f. \u0418\u043d\u0441\u0442\u0440\u0443\u043a\u0446\u0438\u0438 \u0437\u0430 \u043f\u043e\u0434\u0434\u0440\u044a\u0436\u043a\u0430: PE \u0440\u0430\u0442\u0430\u043d: \u0422\u043e\u0437\u0438 \u043c\u0430\u0442\u0435\u0440\u0438\u0430\u043b \u0435 \u043b\u0435\u0441\u0435\u043d \u0437\u0430 \u043f\u043e\u0434\u0434\u0440\u044a\u0436\u043a\u0430 \u0438 \u043f\u043e\u0447\u0438\u0441\u0442\u0432\u0430\u043d\u0435. \u041f\u0440\u043e\u0441\u0442\u043e \u0433\u043e \u0438\u0437\u043c\u0438\u0439\u0442\u0435 \u0441 \u0432\u043e\u0434\u0430 \u0438 \u043c\u0435\u043a \u0441\u0430\u043f\u0443\u043d. \u0418\u0437\u043f\u043e\u043b\u0437\u0432\u0430\u0439\u0442\u0435 \u043c\u0435\u043a\u0430 \u0447\u0435\u0442\u043a\u0430 \u0438\u043b\u0438 \u043a\u044a\u0440\u043f\u0430, \u0437\u0430 \u0434\u0430 \u0438\u0437\u0442\u044a\u0440\u043a\u0430\u0442\u0435 \u0432\u043d\u0438\u043c\u0430\u0442\u0435\u043b\u043d\u043e \u0437\u0430\u043c\u044a\u0440\u0441\u044f\u0432\u0430\u043d\u0438\u044f \u0438 \u043e\u0442\u043b\u043e\u043c\u043a\u0438. \u0418\u0437\u043f\u043b\u0430\u043a\u043d\u0435\u0442\u0435 \u043e\u0431\u0438\u043b\u043d\u043e \u0441 \u0447\u0438\u0441\u0442\u0430 \u0432\u043e\u0434\u0430 \u0438 \u0433\u043e \u043e\u0441\u0442\u0430\u0432\u0435\u0442\u0435 \u0434\u0430 \u0438\u0437\u0441\u044a\u0445\u043d\u0435 \u043d\u0430 \u0432\u044a\u0437\u0434\u0443\u0445. \u0420\u0435\u0434\u043e\u0432\u043d\u043e\u0442\u043e \u043f\u043e\u0447\u0438\u0441\u0442\u0432\u0430\u043d\u0435 \u0449\u0435 \u043f\u043e\u043c\u043e\u0433\u043d\u0435 \u0437\u0430 \u043f\u043e\u0434\u0434\u044a\u0440\u0436\u0430\u043d\u0435 \u043d\u0430 \u0432\u044a\u043d\u0448\u043d\u0438\u044f \u0432\u0438\u0434 \u0438 \u0449\u0435 \u0443\u0434\u044a\u043b\u0436\u0438 \u0436\u0438\u0432\u043e\u0442\u0430 \u043c\u0443. \u041c\u0435\u0442\u0430\u043b: \u0417\u0430 \u0432\u0441\u0435\u043a\u0438 \u043c\u0435\u0442\u0430\u043b \u0437\u0430 \u0432\u044a\u0442\u0440\u0435\u0448\u043d\u0430 \u0443\u043f\u043e\u0442\u0440\u0435\u0431\u0430 \u0441\u0435 \u043f\u0440\u0435\u043f\u043e\u0440\u044a\u0447\u0432\u0430 \u0440\u0435\u0434\u043e\u0432\u043d\u043e \u043f\u043e\u0447\u0438\u0441\u0442\u0432\u0430\u043d\u0435 \u043e\u0442 \u043f\u0440\u0430\u0445 \u0438\u043b\u0438 \u0438\u0437\u0431\u044a\u0440\u0441\u0432\u0430\u043d\u0435 \u0441 \u0432\u043b\u0430\u0436\u043d\u0430 \u043a\u044a\u0440\u043f\u0430. \u0417\u0430 \u0432\u044a\u043d\u0448\u043d\u0438 \u043c\u0435\u0442\u0430\u043b\u043d\u0438 \u043c\u0435\u0431\u0435\u043b\u0438 \u043e\u0431\u0430\u0447\u0435 \u0441\u043b\u0435\u0434\u0432\u0430\u0439\u0442\u0435 \u0442\u0435\u0437\u0438 \u0441\u0442\u044a\u043f\u043a\u0438: \u0417\u0430 \u043f\u043e-\u0434\u044a\u043b\u0433\u0430 \u0437\u0430\u0449\u0438\u0442\u0430 \u043d\u0430\u043d\u0435\u0441\u0435\u0442\u0435 \u0437\u0430\u0449\u0438\u0442\u0435\u043d \u043a\u0440\u0435\u043c, \u043b\u0435\u0441\u043d\u043e \u0434\u043e\u0441\u0442\u044a\u043f\u0435\u043d \u0432 \u043c\u0430\u0433\u0430\u0437\u0438\u043d\u0438\u0442\u0435, \u0432\u044a\u0440\u0445\u0443 \u043c\u0435\u0442\u0430\u043b\u043d\u0438\u0442\u0435 \u0441\u0438 \u043c\u0435\u0431\u0435\u043b\u0438. \u0410\u043a\u043e \u043c\u0435\u0431\u0435\u043b\u0438\u0442\u0435 \u0432\u0438 \u0441\u0430 \u043e\u0431\u0440\u0430\u0431\u043e\u0442\u0435\u043d\u0438 \u0438 \u0431\u043e\u044f\u0434\u0438\u0441\u0430\u043d\u0438 \u0441 \u043f\u0440\u0430\u0445\u043e\u0432\u043e \u043f\u043e\u043a\u0440\u0438\u0442\u0438\u0435, \u0442\u0435 \u0441\u0430 \u043c\u043d\u043e\u0433\u043e \u0438\u0437\u0434\u0440\u044a\u0436\u043b\u0438\u0432\u0438 \u0438 \u043c\u043e\u0433\u0430\u0442 \u043b\u0435\u0441\u043d\u043e \u0434\u0430 \u0441\u0435 \u043f\u043e\u0447\u0438\u0441\u0442\u0432\u0430\u0442 \u0441 \u0432\u043b\u0430\u0436\u043d\u0430 \u043a\u044a\u0440\u043f\u0430. \u0410\u043a\u043e \u043c\u0435\u0442\u0430\u043b\u043d\u0438\u0442\u0435 \u0432\u0438 \u043c\u0435\u0431\u0435\u043b\u0438 \u043d\u0435 \u0441\u0430 \u043f\u0440\u0430\u0445\u043e\u0432\u043e \u0431\u043e\u044f\u0434\u0438\u0441\u0430\u043d\u0438, \u0442\u0440\u044f\u0431\u0432\u0430 \u0434\u0430 \u0431\u044a\u0434\u0435\u0442\u0435 \u043f\u043e-\u0432\u043d\u0438\u043c\u0430\u0442\u0435\u043b\u043d\u0438 \u0438 \u0434\u0430 \u0433\u0438 \u0434\u044a\u0440\u0436\u0438\u0442\u0435 \u0434\u0430\u043b\u0435\u0447 \u043e\u0442 \u0432\u043e\u0434\u0430 \u0438 \u0432\u043b\u0430\u0433\u0430. \u041c\u043e\u0436\u0435\u0442\u0435 \u0434\u0430 \u0433\u0438 \u043f\u043e\u043a\u0440\u0438\u0435\u0442\u0435 \u0441\u044a\u0441 \u0441\u043f\u0435\u0446\u0438\u0430\u043b\u043d\u0438 \u043a\u0430\u043b\u044a\u0444\u0438 \u0438, \u0430\u043a\u043e \u0435 \u0432\u044a\u0437\u043c\u043e\u0436\u043d\u043e, \u0434\u0430 \u0433\u0438 \u043f\u043e\u0441\u0442\u0430\u0432\u0438\u0442\u0435 \u043d\u0430 \u0437\u0430\u043a\u0440\u0438\u0442\u043e \u043f\u0440\u0435\u0437 \u0437\u0438\u043c\u0430\u0442\u0430. \u0410\u043a\u043e \u0437\u0430\u0431\u0435\u043b\u0435\u0436\u0438\u0442\u0435 \u0440\u044a\u0436\u0434\u0430, \u043e\u0442\u0441\u0442\u0440\u0430\u043d\u0435\u0442\u0435 \u044f \u0441 \u0442\u0435\u0440\u043f\u0435\u043d\u0442\u0438\u043d, \u0441\u043b\u0435\u0434 \u043a\u043e\u0435\u0442\u043e \u043d\u0430\u043d\u0435\u0441\u0435\u0442\u0435 \u043b\u0430\u043a \u043f\u0440\u043e\u0442\u0438\u0432 \u0440\u044a\u0436\u0434\u0430, \u043f\u0440\u0435\u0434\u0438 \u0434\u0430 \u0431\u043e\u044f\u0434\u0438\u0441\u0430\u0442\u0435 \u043f\u043e\u0432\u044a\u0440\u0445\u043d\u043e\u0441\u0442\u0442\u0430 \u0441 \u0443\u0441\u0442\u043e\u0439\u0447\u0438\u0432\u0430 \u043d\u0430 \u043e\u043a\u0438\u0441\u043b\u0435\u043d\u0438\u0435 \u0431\u043e\u044f. \u041f\u043b\u0430\u0442\u043d\u0435\u043d\u0430 \u0432\u044a\u0437\u0433\u043b\u0430\u0432\u043d\u0438\u0446\u0430: \u041f\u043e\u0434\u0434\u0440\u044a\u0436\u043a\u0430\u0442\u0430 \u043d\u0430 \u043f\u043b\u0430\u0442\u0430 \u0437\u0430\u0432\u0438\u0441\u0438 \u043e\u0442 \u0440\u0430\u0437\u043b\u0438\u0447\u043d\u0438 \u0444\u0430\u043a\u0442\u043e\u0440\u0438, \u043a\u0430\u0442\u043e \u043d\u0430\u043f\u0440\u0438\u043c\u0435\u0440 \u0432\u0438\u0434\u0430 \u043d\u0430 \u0432\u043b\u0430\u043a\u043d\u043e\u0442\u043e, \u043a\u043e\u043d\u0441\u0442\u0440\u0443\u043a\u0446\u0438\u044f\u0442\u0430 \u043d\u0430 \u043f\u043b\u0430\u0442\u0430 \u0438 \u043d\u0435\u0433\u043e\u0432\u0430\u0442\u0430 \u0443\u043f\u043e\u0442\u0440\u0435\u0431\u0430. \u0418\u0437\u043f\u043e\u043b\u0437\u0432\u0430\u0439\u0442\u0435 \u043c\u0435\u043a \u043f\u0440\u0435\u043f\u0430\u0440\u0430\u0442, \u043f\u043e\u0434\u0445\u043e\u0434\u044f\u0449 \u0437\u0430 \u0432\u0438\u0434\u0430 \u043d\u0430 \u043f\u043b\u0430\u0442\u0430. \u0418\u0437\u0431\u044f\u0433\u0432\u0430\u0439\u0442\u0435 \u0438\u0437\u043f\u043e\u043b\u0437\u0432\u0430\u043d\u0435\u0442\u043e \u043d\u0430 \u0431\u0435\u043b\u0438\u043d\u0430 \u0438\u043b\u0438 \u0438\u0437\u0431\u0435\u043b\u0432\u0430\u0449\u0438 \u0430\u0433\u0435\u043d\u0442\u0438, \u0442\u044a\u0439 \u043a\u0430\u0442\u043e \u0442\u0435 \u043c\u043e\u0433\u0430\u0442 \u0434\u0430 \u043f\u043e\u0432\u0440\u0435\u0434\u044f\u0442 \u0432\u043b\u0430\u043a\u043d\u0430\u0442\u0430. \u0417\u0430\u0431\u0435\u043b\u0435\u0436\u043a\u0438: \u041f\u0440\u043e\u0434\u0443\u043a\u0442\u044a\u0442 \u0441\u0435 \u043f\u0440\u0435\u0434\u043b\u0430\u0433\u0430 \u0432\u044a\u0432 \u0444\u0430\u0431\u0440\u0438\u0447\u043d\u0430 \u043e\u043f\u0430\u043a\u043e\u0432\u043a\u0430 \u2013 \u041f\u0440\u0435\u0434\u043b\u0430\u0433\u0430 \u0441\u0435 \u0432 \u0434\u0432\u0435 \u0447\u0430\u0441\u0442\u0438: \u043c\u0435\u0442\u0430\u043b\u043d\u0430 \u0440\u0430\u043c\u043a\u0430 \u0438 \u043e\u0441\u043d\u043e\u0432\u0430 \u043d\u0430 \u0434\u0438\u0432\u0430\u043d\u0430 \u2013 \u0442\u0440\u044f\u0431\u0432\u0430 \u0434\u0430 \u0441\u0435 \u043c\u043e\u043d\u0442\u0438\u0440\u0430\u0442 \u0437\u0430\u0435\u0434\u043d\u043e. \u0426\u0432\u0435\u0442\u044a\u0442 \u043d\u0430 \u043f\u0440\u043e\u0434\u0443\u043a\u0442\u0430 \u043c\u043e\u0436\u0435 \u043b\u0435\u043a\u043e \u0434\u0430 \u0441\u0435 \u0440\u0430\u0437\u043b\u0438\u0447\u0430\u0432\u0430 \u043e\u0442 \u0444\u043e\u0442\u043e\u0433\u0440\u0430\u0444\u0441\u043a\u043e\u0442\u043e \u043f\u0440\u0435\u0434\u0441\u0442\u0430\u0432\u044f\u043d\u0435 \u043d\u0430 \u0432\u0430\u0448\u0438\u044f \u0435\u043a\u0440\u0430\u043d.<\/p>","protected":false},"excerpt":{"rendered":"<p>\u0417\u0430 \u0442\u0435\u0437\u0438 \u043e\u0442 \u0432\u0430\u0441, \u043a\u043e\u0438\u0442\u043e \u0442\u044a\u0440\u0441\u044f\u0442 \u0441\u0442\u043e\u043b, \u043a\u043e\u0439\u0442\u043e \u0432\u043f\u0435\u0447\u0430\u0442\u043b\u044f\u0432\u0430 \u0441\u044a\u0441 \u0441\u0432\u043e\u044f\u0442\u0430 \u0435\u0441\u0442\u0435\u0442\u0438\u043a\u0430 \u0438 \u043a\u0430\u0447\u0435\u0441\u0442\u0432\u043e \u043d\u0430 \u0438\u0437\u0440\u0430\u0431\u043e\u0442\u043a\u0430, Naoki...<\/p>","protected":false},"featured_media":36203,"comment_status":"open","ping_status":"open","template":"","meta":[],"locations":[],"product_cat":[4158,492],"product_tag":[],"class_list":{"0":"post-36202","1":"product","2":"type-product","3":"status-publish","4":"has-post-thumbnail","6":"product_cat-garden-armchairs","7":"product_cat-outdoor-furniture","8":"pa_harakteristika-1-pcs-per-stack-35","9":"pa_harakteristika-10-number-product-package-2","10":"pa_harakteristika-11-package-pcs-1","11":"pa_harakteristika-12-dimension-package-59x85x260-50x50x250","12":"pa_harakteristika-13-cbm-pcs-0-301","13":"pa_harakteristika-14-cbm-package-1-929","14":"pa_harakteristika-15-volume-weight-product-385-78","15":"pa_harakteristika-2-stackable-volume-step-0-0567","16":"pa_harakteristika-3-lenght-product-58","17":"pa_harakteristika-4-width-product-64","18":"pa_harakteristika-5-height-product-81","19":"pa_harakteristika-6-minimum-height-seat","20":"pa_harakteristika-7-material-metal-fabric-wicker","21":"pa_harakteristika-8-color-black-brown","22":"pa_harakteristika-9-k-d-yes","24":"first","25":"instock","26":"sale","27":"purchasable","28":"product-type-simple"},"_links":{"self":[{"href":"https:\/\/modeliny.com\/bg\/wp-json\/wp\/v2\/product\/36202","targetHints":{"allow":["GET"]}}],"collection":[{"href":"https:\/\/modeliny.com\/bg\/wp-json\/wp\/v2\/product"}],"about":[{"href":"https:\/\/modeliny.com\/bg\/wp-json\/wp\/v2\/types\/product"}],"replies":[{"embeddable":true,"href":"https:\/\/modeliny.com\/bg\/wp-json\/wp\/v2\/comments?post=36202"}],"version-history":[{"count":0,"href":"https:\/\/modeliny.com\/bg\/wp-json\/wp\/v2\/product\/36202\/revisions"}],"wp:featuredmedia":[{"embeddable":true,"href":"https:\/\/modeliny.com\/bg\/wp-json\/wp\/v2\/media\/36203"}],"wp:attachment":[{"href":"https:\/\/modeliny.com\/bg\/wp-json\/wp\/v2\/media?parent=36202"}],"wp:term":[{"taxonomy":"locations","embeddable":true,"href":"https:\/\/modeliny.com\/bg\/wp-json\/wp\/v2\/locations?post=36202"},{"taxonomy":"product_cat","embeddable":true,"href":"https:\/\/modeliny.com\/bg\/wp-json\/wp\/v2\/product_cat?post=36202"},{"taxonomy":"product_tag","embeddable":true,"href":"https:\/\/modeliny.com\/bg\/wp-json\/wp\/v2\/product_tag?post=36202"}],"curies":[{"name":"wp","href":"https:\/\/api.w.org\/{rel}","templated":true}]}}