{"id":41303,"date":"2024-09-27T06:32:35","date_gmt":"2024-09-27T03:32:35","guid":{"rendered":"https:\/\/modeliny.com\/p\/entrance-furniture-nafdo-modeliny-walnut-white-melamine-119-6x35-5x182-8cm\/"},"modified":"2025-01-28T06:22:55","modified_gmt":"2025-01-28T04:22:55","slug":"entrance-furniture-walnut-white-melamine-119-6x35-5x182-8","status":"publish","type":"product","link":"https:\/\/modeliny.com\/bg\/p\/entrance-furniture-walnut-white-melamine-119-6x35-5x182-8\/","title":{"rendered":"\u0412\u0445\u043e\u0434\u043d\u0430 \u043c\u0435\u0431\u0435\u043b, \u043e\u0440\u0435\u0445\u043e\u0432\u043e-\u0431\u044f\u043b \u043c\u0435\u043b\u0430\u043c\u0438\u043d 119.6\u00d735.5\u00d7182.8"},"content":{"rendered":"<p>6\u00d735,5\u00d7182,8 \u0441\u043c. \u041b\u044e\u0431\u0438\u0442\u0435\u043b \u043b\u0438 \u0441\u0442\u0435 \u043d\u0430 \u043a\u043b\u0430\u0441\u0438\u043a\u0430\u0442\u0430? \u041c\u0438\u0441\u043b\u0438\u0442\u0435 \u043b\u0438, \u0447\u0435 \u0432\u0438\u043d\u0430\u0433\u0438 \u0438\u043c\u0430\u0442\u0435 \u043d\u0443\u0436\u0434\u0430 \u043e\u0442 \u0434\u043e\u043f\u044a\u043b\u043d\u0438\u0442\u0435\u043b\u043d\u043e \u043f\u0440\u043e\u0441\u0442\u0440\u0430\u043d\u0441\u0442\u0432\u043e? \u0418 \u043e\u0442 \u0432\u0445\u043e\u0434\u043d\u0430 \u043c\u0435\u0431\u0435\u043b, \u043a\u043e\u044f\u0442\u043e \u0441\u044a\u0447\u0435\u0442\u0430\u0432\u0430 \u0435\u0440\u0433\u043e\u043d\u043e\u043c\u0438\u0447\u043d\u043e\u0441\u0442 \u0438 \u0444\u0443\u043d\u043a\u0446\u0438\u043e\u043d\u0430\u043b\u043d\u043e\u0441\u0442? \u0410\u043a\u043e \u0435 \u0442\u0430\u043a\u0430, \u0442\u043e\u0433\u0430\u0432\u0430 \u0441\u0435\u0440\u0438\u044f\u0442\u0430 Nafdo \u0435 \u0437\u0430 \u0432\u0430\u0441. \u041a\u0432\u0430\u0434\u0440\u0430\u0442\u043d\u0438\u044f\u0442 \u0434\u0438\u0437\u0430\u0439\u043d \u0441 \u0438\u0437\u0447\u0438\u0441\u0442\u0435\u043d\u0438 \u043b\u0438\u043d\u0438\u0438, \u0438\u0437\u0440\u0430\u0431\u043e\u0442\u043a\u0430\u0442\u0430 \u043e\u0442 \u043a\u0430\u0447\u0435\u0441\u0442\u0432\u0435\u043d\u0438 \u043c\u0430\u0442\u0435\u0440\u0438\u0430\u043b\u0438 \u0438 \u0433\u043e\u043b\u0435\u043c\u0438\u0442\u0435 \u043f\u0440\u043e\u0441\u0442\u0440\u0430\u043d\u0441\u0442\u0432\u0430 \u0437\u0430 \u0441\u044a\u0445\u0440\u0430\u043d\u0435\u043d\u0438\u0435 \u043f\u0440\u0430\u0432\u044f\u0442 \u0442\u0430\u0437\u0438 \u043c\u0435\u0431\u0435\u043b \u043b\u0435\u0441\u043d\u0430 \u0437\u0430 \u0443\u043f\u043e\u0442\u0440\u0435\u0431\u0430 \u0438 \u043d\u0435\u0437\u0430\u043c\u0435\u043d\u0438\u043c\u0430 \u0437\u0430 \u0432\u0441\u044f\u043a\u043e \u043f\u0440\u043e\u0441\u0442\u0440\u0430\u043d\u0441\u0442\u0432\u043e. \u0421\u043f\u0435\u0446\u0438\u0444\u0438\u043a\u0430\u0446\u0438\u0438:* \u0418\u0437\u0440\u0430\u0431\u043e\u0442\u043a\u0430 \u043e\u0442 \u0432\u0438\u0441\u043e\u043a\u043e\u043a\u0430\u0447\u0435\u0441\u0442\u0432\u0435\u043d\u043e \u041f\u0414\u0427 \u0441 \u043c\u0435\u043b\u0430\u043c\u0438\u043d\u043e\u0432\u043e \u043f\u043e\u043a\u0440\u0438\u0442\u0438\u0435, \u0443\u0441\u0442\u043e\u0439\u0447\u0438\u0432\u043e \u043d\u0430 \u043d\u0430\u0442\u043e\u0432\u0430\u0440\u0432\u0430\u043d\u0435, \u0438\u0437\u043d\u043e\u0441\u0432\u0430\u043d\u0435 \u0438 \u0432\u0440\u0435\u043c\u0435. \u0435 \u0432\u0438\u0434 \u043f\u043e\u0432\u044a\u0440\u0445\u043d\u043e\u0441\u0442, \u0438\u0437\u0440\u0430\u0431\u043e\u0442\u0435\u043d\u0430 \u043e\u0442 \u041f\u0414\u0427, \u043a\u043e\u0435\u0442\u043e \u0435 \u043d\u043e\u0432\u043e\u0438\u0437\u0433\u0440\u0430\u0434\u0435\u043d\u0430 \u0434\u044a\u0440\u0432\u0435\u0441\u0438\u043d\u0430, \u043f\u0440\u043e\u0438\u0437\u0432\u0435\u0434\u0435\u043d\u0430 \u043e\u0442 \u043d\u0430\u0440\u044f\u0437\u0430\u043d\u0430 \u0434\u044a\u0440\u0432\u0435\u0441\u0438\u043d\u0430, \u0441\u0438\u043d\u0442\u0435\u0442\u0438\u0447\u043d\u0438 \u043c\u0430\u0442\u0435\u0440\u0438\u0430\u043b\u0438 \u0438 \u0441\u0438\u043d\u0442\u0435\u0442\u0438\u0447\u043d\u0430 \u0441\u043c\u043e\u043b\u0430. \u041c\u0435\u043b\u0430\u043c\u0438\u043d\u043e\u0432\u0438\u044f\u0442 \u0444\u0443\u0440\u043d\u0438\u0440 \u0435 \u0433\u043b\u0430\u0434\u043a\u0430 \u043f\u043e\u0432\u044a\u0440\u0445\u043d\u043e\u0441\u0442, \u043f\u043e\u043a\u0440\u0438\u0442\u0430 \u0441\u044a\u0441 \u0441\u043b\u043e\u0439 \u043c\u0435\u043b\u0430\u043c\u0438\u043d, \u043a\u043e\u0439\u0442\u043e \u0435 \u0432\u0438\u0434 \u0442\u0432\u044a\u0440\u0434\u0430 \u043f\u043b\u0430\u0441\u0442\u043c\u0430\u0441\u0430.* \u0420\u0430\u0437\u043f\u043e\u043b\u0430\u0433\u0430 \u0441 \u0440\u0430\u0444\u0442\u043e\u0432\u0435 \u0438 \u043c\u044f\u0441\u0442\u043e \u0437\u0430 \u0441\u044a\u0445\u0440\u0430\u043d\u0435\u043d\u0438\u0435 \u0437\u0430 \u043e\u0442\u0432\u043e\u0440\u0435\u043d\u043e \u043e\u0440\u0433\u0430\u043d\u0438\u0437\u0438\u0440\u0430\u043d\u0435 \u043d\u0430 \u043f\u0440\u0435\u0434\u043c\u0435\u0442\u0438.* \u041f\u0440\u0435\u0434\u043b\u0430\u0433\u0430 \u0441\u0435 \u0432 \u0446\u0432\u044f\u0442 \u0431\u044f\u043b \u043e\u0440\u0435\u0445. \u0420\u0430\u0437\u043c\u0435\u0440\u0438 \u043d\u0430 \u043f\u0440\u043e\u0434\u0443\u043a\u0442\u0430: \u0414\u044a\u043b\u0436\u0438\u043d\u0430: 119,6 \u0441\u043c. \u0428\u0438\u0440\u0438\u043d\u0430: 35,5 \u0441\u043c. \u0412\u0438\u0441\u043e\u0447\u0438\u043d\u0430: 82,8 \u0441\u043c. \u0417\u0430\u0431\u0435\u043b\u0435\u0436\u043a\u0438: \u041f\u0440\u043e\u0434\u0443\u043a\u0442\u044a\u0442 \u0441\u0435 \u0434\u043e\u0441\u0442\u0430\u0432\u044f \u0432\u044a\u0432 \u0444\u0430\u0431\u0440\u0438\u0447\u043d\u0430 \u043e\u043f\u0430\u043a\u043e\u0432\u043a\u0430 \u0438 \u0441 \u043f\u043e\u0434\u0440\u043e\u0431\u043d\u043e \u0440\u044a\u043a\u043e\u0432\u043e\u0434\u0441\u0442\u0432\u043e \u0437\u0430 \u043c\u043e\u043d\u0442\u0430\u0436. \u0426\u0432\u0435\u0442\u044a\u0442 \u043d\u0430 \u043f\u0440\u043e\u0434\u0443\u043a\u0442\u0430 \u043c\u043e\u0436\u0435 \u043b\u0435\u043a\u043e \u0434\u0430 \u0441\u0435 \u0440\u0430\u0437\u043b\u0438\u0447\u0430\u0432\u0430 \u043e\u0442 \u0444\u043e\u0442\u043e\u0433\u0440\u0430\u0444\u0441\u043a\u043e\u0442\u043e \u043c\u0443 \u043f\u0440\u0435\u0434\u0441\u0442\u0430\u0432\u044f\u043d\u0435 \u043d\u0430 \u0432\u0430\u0448\u0438\u044f \u0435\u043a\u0440\u0430\u043d.<\/p>","protected":false},"excerpt":{"rendered":"<p>6\u00d735,5\u00d7182,8 \u0441\u043c. \u041b\u044e\u0431\u0438\u0442\u0435\u043b \u043b\u0438 \u0441\u0442\u0435 \u043d\u0430 \u043a\u043b\u0430\u0441\u0438\u043a\u0430\u0442\u0430? \u041c\u0438\u0441\u043b\u0438\u0442\u0435 \u043b\u0438, \u0447\u0435 \u0432\u0438\u043d\u0430\u0433\u0438 \u0438\u043c\u0430\u0442\u0435 \u043d\u0443\u0436\u0434\u0430 \u043e\u0442 \u0434\u043e\u043f\u044a\u043b\u043d\u0438\u0442\u0435\u043b\u043d\u043e \u043f\u0440\u043e\u0441\u0442\u0440\u0430\u043d\u0441\u0442\u0432\u043e? \u0418 \u043e\u0442 \u043c\u0435\u0431\u0435\u043b \u0437\u0430 \u0432\u0445\u043e\u0434\u043d\u043e \u0430\u043d\u0442\u0440\u0435, \u043a\u043e\u044f\u0442\u043e...<\/p>","protected":false},"featured_media":41304,"comment_status":"open","ping_status":"open","template":"","meta":[],"locations":[],"product_cat":[201,80],"product_tag":[],"class_list":{"0":"post-41303","1":"product","2":"type-product","3":"status-publish","4":"has-post-thumbnail","6":"product_cat-entrance-furniture","7":"product_cat-indoor-furniture","8":"pa_harakteristika-1-gross-weight-82-8","9":"pa_harakteristika-10-package-pcs-1","10":"pa_harakteristika-11-dimension-package-188x41x9-68-5x42-5x17-5-143x62x9","11":"pa_harakteristika-12-cbm-pcs-0-2","12":"pa_harakteristika-13-cbm-package-0-2","13":"pa_harakteristika-14-volume-weight-product-40-023","14":"pa_harakteristika-2-net-weight-product-78-66","15":"pa_harakteristika-3-lenght-product-119-6","16":"pa_harakteristika-4-width-product-35-5","17":"pa_harakteristika-5-height-product-182-8","18":"pa_harakteristika-6-material-melamine","19":"pa_harakteristika-7-color-white-walnut","20":"pa_harakteristika-8-k-d-yes","21":"pa_harakteristika-9-number-product-package-3","23":"first","24":"outofstock","25":"sale","26":"purchasable","27":"product-type-simple"},"_links":{"self":[{"href":"https:\/\/modeliny.com\/bg\/wp-json\/wp\/v2\/product\/41303","targetHints":{"allow":["GET"]}}],"collection":[{"href":"https:\/\/modeliny.com\/bg\/wp-json\/wp\/v2\/product"}],"about":[{"href":"https:\/\/modeliny.com\/bg\/wp-json\/wp\/v2\/types\/product"}],"replies":[{"embeddable":true,"href":"https:\/\/modeliny.com\/bg\/wp-json\/wp\/v2\/comments?post=41303"}],"version-history":[{"count":0,"href":"https:\/\/modeliny.com\/bg\/wp-json\/wp\/v2\/product\/41303\/revisions"}],"wp:featuredmedia":[{"embeddable":true,"href":"https:\/\/modeliny.com\/bg\/wp-json\/wp\/v2\/media\/41304"}],"wp:attachment":[{"href":"https:\/\/modeliny.com\/bg\/wp-json\/wp\/v2\/media?parent=41303"}],"wp:term":[{"taxonomy":"locations","embeddable":true,"href":"https:\/\/modeliny.com\/bg\/wp-json\/wp\/v2\/locations?post=41303"},{"taxonomy":"product_cat","embeddable":true,"href":"https:\/\/modeliny.com\/bg\/wp-json\/wp\/v2\/product_cat?post=41303"},{"taxonomy":"product_tag","embeddable":true,"href":"https:\/\/modeliny.com\/bg\/wp-json\/wp\/v2\/product_tag?post=41303"}],"curies":[{"name":"wp","href":"https:\/\/api.w.org\/{rel}","templated":true}]}}